{"id":830,"date":"2022-11-08T18:55:46","date_gmt":"2022-11-08T18:55:46","guid":{"rendered":"https:\/\/vizl.eu\/?page_id=830"},"modified":"2024-10-17T21:46:51","modified_gmt":"2024-10-17T21:46:51","slug":"stichting-drielanden-ingenieurs-kontakt","status":"publish","type":"page","link":"https:\/\/vizl.eu\/index.php\/stichting-drielanden-ingenieurs-kontakt\/","title":{"rendered":"Stichting Drielanden Ingenieurs Kontakt"},"content":{"rendered":"\t\t<div data-elementor-type=\"wp-page\" data-elementor-id=\"830\" class=\"elementor elementor-830\">\n\t\t\t\t\t\t<section class=\"elementor-section elementor-top-section elementor-element elementor-element-39e63cd6 elementor-section-boxed elementor-section-height-default elementor-section-height-default\" data-id=\"39e63cd6\" data-element_type=\"section\" data-e-type=\"section\">\n\t\t\t\t\t\t<div class=\"elementor-container elementor-column-gap-default\">\n\t\t\t\t\t<div class=\"elementor-column elementor-col-100 elementor-top-column elementor-element elementor-element-1dd06952\" data-id=\"1dd06952\" data-element_type=\"column\" data-e-type=\"column\">\n\t\t\t<div class=\"elementor-widget-wrap elementor-element-populated\">\n\t\t\t\t\t\t<div class=\"elementor-element elementor-element-433e26e5 elementor-widget elementor-widget-text-editor\" data-id=\"433e26e5\" data-element_type=\"widget\" data-e-type=\"widget\" data-widget_type=\"text-editor.default\">\n\t\t\t\t<div class=\"elementor-widget-container\">\n\t\t\t\t\t\t\t\t\t\n<h5><span style=\"color: #000000;\">DIK \u2013 Euregio<\/span><\/h5>\n<p><span style=\"color: #000000;\"><\/span><\/p>\n<p><span style=\"color: #000000;\">Stichting Drielanden Ingenieurs Kontakt (DIK) is een overkoepelende organisatie die verbinding legt tussen de ingenieursverenigingen in de Euregio Maas-Rijn. Door DIK kunnen er gemakkelijker contacten worden gelegd tussen de ingenieurs en verenigingen over de landsgrenzen heen. Dit bevordert internationale samenwerking en kennisuitwisseling. Naast het toegankelijk maken van elkanders activiteiten wordt er jaarlijks ook een DIK-leden dag georganiseerd hetzij op een interessante locatie in de Euregio, hetzij via bijvoorbeeld een online seminar.<\/span><\/p>\n\t\t\t\t\t\t\t\t<\/div>\n\t\t\t\t<\/div>\n\t\t\t\t\t<\/div>\n\t\t<\/div>\n\t\t\t\t\t<\/div>\n\t\t<\/section>\n\t\t\t\t<section class=\"elementor-section elementor-top-section elementor-element elementor-element-5f326e8 elementor-section-boxed elementor-section-height-default elementor-section-height-default\" data-id=\"5f326e8\" data-element_type=\"section\" data-e-type=\"section\">\n\t\t\t\t\t\t<div class=\"elementor-container elementor-column-gap-default\">\n\t\t\t\t\t<div class=\"elementor-column elementor-col-33 elementor-top-column elementor-element elementor-element-ccf249f\" data-id=\"ccf249f\" data-element_type=\"column\" data-e-type=\"column\">\n\t\t\t<div class=\"elementor-widget-wrap elementor-element-populated\">\n\t\t\t\t\t\t<div class=\"elementor-element elementor-element-b48eeac elementor-widget elementor-widget-image\" data-id=\"b48eeac\" data-element_type=\"widget\" data-e-type=\"widget\" data-widget_type=\"image.default\">\n\t\t\t\t<div class=\"elementor-widget-container\">\n\t\t\t\t\t\t\t\t\t\t\t\t\t\t\t<img fetchpriority=\"high\" decoding=\"async\" width=\"448\" height=\"178\" src=\"https:\/\/vizl.eu\/wp-content\/uploads\/2024\/10\/logo-VIZL-Cse4cde.jpg\" class=\"attachment-large size-large wp-image-2392\" alt=\"\" srcset=\"https:\/\/vizl.eu\/wp-content\/uploads\/2024\/10\/logo-VIZL-Cse4cde.jpg 448w, https:\/\/vizl.eu\/wp-content\/uploads\/2024\/10\/logo-VIZL-Cse4cde-300x119.jpg 300w\" sizes=\"(max-width: 448px) 100vw, 448px\" \/>\t\t\t\t\t\t\t\t\t\t\t\t\t\t\t<\/div>\n\t\t\t\t<\/div>\n\t\t\t\t\t<\/div>\n\t\t<\/div>\n\t\t\t\t<div class=\"elementor-column elementor-col-66 elementor-top-column elementor-element elementor-element-f181f0c\" data-id=\"f181f0c\" data-element_type=\"column\" data-e-type=\"column\">\n\t\t\t<div class=\"elementor-widget-wrap elementor-element-populated\">\n\t\t\t\t\t\t<div class=\"elementor-element elementor-element-2116520 elementor-widget elementor-widget-text-editor\" data-id=\"2116520\" data-element_type=\"widget\" data-e-type=\"widget\" data-widget_type=\"text-editor.default\">\n\t\t\t\t<div class=\"elementor-widget-container\">\n\t\t\t\t\t\t\t\t\t<h6>Ver. van Ingenieurs in Zuid-Limburg<br \/><a href=\"https:\/\/www.vizl.eu\">https:\/\/www.vizl.eu<\/a><\/h6>\t\t\t\t\t\t\t\t<\/div>\n\t\t\t\t<\/div>\n\t\t\t\t\t<\/div>\n\t\t<\/div>\n\t\t\t\t\t<\/div>\n\t\t<\/section>\n\t\t\t\t<section class=\"elementor-section elementor-top-section elementor-element elementor-element-e9a0f39 elementor-section-boxed elementor-section-height-default elementor-section-height-default\" data-id=\"e9a0f39\" data-element_type=\"section\" data-e-type=\"section\">\n\t\t\t\t\t\t<div class=\"elementor-container elementor-column-gap-default\">\n\t\t\t\t\t<div class=\"elementor-column elementor-col-33 elementor-top-column elementor-element elementor-element-1875781\" data-id=\"1875781\" data-element_type=\"column\" data-e-type=\"column\">\n\t\t\t<div class=\"elementor-widget-wrap elementor-element-populated\">\n\t\t\t\t\t\t<div class=\"elementor-element elementor-element-d8b1d07 elementor-widget elementor-widget-image\" data-id=\"d8b1d07\" data-element_type=\"widget\" data-e-type=\"widget\" data-widget_type=\"image.default\">\n\t\t\t\t<div class=\"elementor-widget-container\">\n\t\t\t\t\t\t\t\t\t\t\t\t\t\t\t<img decoding=\"async\" width=\"380\" height=\"200\" src=\"https:\/\/vizl.eu\/wp-content\/uploads\/2024\/10\/logo-KIVI.png\" class=\"attachment-large size-large wp-image-2396\" alt=\"\" srcset=\"https:\/\/vizl.eu\/wp-content\/uploads\/2024\/10\/logo-KIVI.png 380w, https:\/\/vizl.eu\/wp-content\/uploads\/2024\/10\/logo-KIVI-300x158.png 300w\" sizes=\"(max-width: 380px) 100vw, 380px\" \/>\t\t\t\t\t\t\t\t\t\t\t\t\t\t\t<\/div>\n\t\t\t\t<\/div>\n\t\t\t\t\t<\/div>\n\t\t<\/div>\n\t\t\t\t<div class=\"elementor-column elementor-col-66 elementor-top-column elementor-element elementor-element-39cdc65\" data-id=\"39cdc65\" data-element_type=\"column\" data-e-type=\"column\">\n\t\t\t<div class=\"elementor-widget-wrap elementor-element-populated\">\n\t\t\t\t\t\t<div class=\"elementor-element elementor-element-9306c38 elementor-widget elementor-widget-text-editor\" data-id=\"9306c38\" data-element_type=\"widget\" data-e-type=\"widget\" data-widget_type=\"text-editor.default\">\n\t\t\t\t<div class=\"elementor-widget-container\">\n\t\t\t\t\t\t\t\t\t<h6>Het Koninklijk Instituut Van Ingenieurs<br \/><a href=\"https:\/\/www.kivi.nl\/\">https:\/\/www.kivi.nl\/<\/a><br \/><a href=\"https:\/\/www.kivi.nl\/afdelingen\/regio-limburg-zuid\">https:\/\/www.kivi.nl\/afdelingen\/regio-limburg-zuid<\/a><\/h6>\t\t\t\t\t\t\t\t<\/div>\n\t\t\t\t<\/div>\n\t\t\t\t\t<\/div>\n\t\t<\/div>\n\t\t\t\t\t<\/div>\n\t\t<\/section>\n\t\t\t\t<section class=\"elementor-section elementor-top-section elementor-element elementor-element-e430c20 elementor-section-boxed elementor-section-height-default elementor-section-height-default\" data-id=\"e430c20\" data-element_type=\"section\" data-e-type=\"section\">\n\t\t\t\t\t\t<div class=\"elementor-container elementor-column-gap-default\">\n\t\t\t\t\t<div class=\"elementor-column elementor-col-33 elementor-top-column elementor-element elementor-element-ca7e9f1\" data-id=\"ca7e9f1\" data-element_type=\"column\" data-e-type=\"column\">\n\t\t\t<div class=\"elementor-widget-wrap elementor-element-populated\">\n\t\t\t\t\t\t<div class=\"elementor-element elementor-element-cdc7557 elementor-widget elementor-widget-image\" data-id=\"cdc7557\" data-element_type=\"widget\" data-e-type=\"widget\" data-widget_type=\"image.default\">\n\t\t\t\t<div class=\"elementor-widget-container\">\n\t\t\t\t\t\t\t\t\t\t\t\t\t\t\t<img decoding=\"async\" src=\"https:\/\/vizl.eu\/wp-content\/uploads\/elementor\/thumbs\/logo-ie-net-qvpkc2f07s5607o7koo3mpyp4qw6pk2vjib95jpssk.png\" title=\"logo ie-net\" alt=\"logo ie-net\" loading=\"lazy\" \/>\t\t\t\t\t\t\t\t\t\t\t\t\t\t\t<\/div>\n\t\t\t\t<\/div>\n\t\t\t\t\t<\/div>\n\t\t<\/div>\n\t\t\t\t<div class=\"elementor-column elementor-col-66 elementor-top-column elementor-element elementor-element-cbeecc2\" data-id=\"cbeecc2\" data-element_type=\"column\" data-e-type=\"column\">\n\t\t\t<div class=\"elementor-widget-wrap elementor-element-populated\">\n\t\t\t\t\t\t<div class=\"elementor-element elementor-element-ece4295 elementor-widget elementor-widget-text-editor\" data-id=\"ece4295\" data-element_type=\"widget\" data-e-type=\"widget\" data-widget_type=\"text-editor.default\">\n\t\t\t\t<div class=\"elementor-widget-container\">\n\t\t\t\t\t\t\t\t\t<h6>ie-net ingenieursvereniging (Belgi\u00eb)<br \/><a href=\"https:\/\/www.ie-net.be\/afdelingen\/ie-net-limburg\">https:\/\/www.ie-net.be\/afdelingen\/ie-net-limburg<\/a><\/h6>\t\t\t\t\t\t\t\t<\/div>\n\t\t\t\t<\/div>\n\t\t\t\t\t<\/div>\n\t\t<\/div>\n\t\t\t\t\t<\/div>\n\t\t<\/section>\n\t\t\t\t<section class=\"elementor-section elementor-top-section elementor-element elementor-element-45b0710 elementor-section-boxed elementor-section-height-default elementor-section-height-default\" data-id=\"45b0710\" data-element_type=\"section\" data-e-type=\"section\">\n\t\t\t\t\t\t<div class=\"elementor-container elementor-column-gap-default\">\n\t\t\t\t\t<div class=\"elementor-column elementor-col-33 elementor-top-column elementor-element elementor-element-e0d03b2\" data-id=\"e0d03b2\" data-element_type=\"column\" data-e-type=\"column\">\n\t\t\t<div class=\"elementor-widget-wrap elementor-element-populated\">\n\t\t\t\t\t\t<div class=\"elementor-element elementor-element-0716272 elementor-widget elementor-widget-image\" data-id=\"0716272\" data-element_type=\"widget\" data-e-type=\"widget\" data-widget_type=\"image.default\">\n\t\t\t\t<div class=\"elementor-widget-container\">\n\t\t\t\t\t\t\t\t\t\t\t\t\t\t\t<img decoding=\"async\" width=\"735\" height=\"413\" src=\"https:\/\/vizl.eu\/wp-content\/uploads\/2024\/10\/logo-AILG-asbl-1024x576.jpg\" class=\"attachment-large size-large wp-image-2401\" alt=\"\" srcset=\"https:\/\/vizl.eu\/wp-content\/uploads\/2024\/10\/logo-AILG-asbl-1024x576.jpg 1024w, https:\/\/vizl.eu\/wp-content\/uploads\/2024\/10\/logo-AILG-asbl-300x169.jpg 300w, https:\/\/vizl.eu\/wp-content\/uploads\/2024\/10\/logo-AILG-asbl-768x432.jpg 768w, https:\/\/vizl.eu\/wp-content\/uploads\/2024\/10\/logo-AILG-asbl.jpg 1280w\" sizes=\"(max-width: 735px) 100vw, 735px\" \/>\t\t\t\t\t\t\t\t\t\t\t\t\t\t\t<\/div>\n\t\t\t\t<\/div>\n\t\t\t\t\t<\/div>\n\t\t<\/div>\n\t\t\t\t<div class=\"elementor-column elementor-col-66 elementor-top-column elementor-element elementor-element-bccd25e\" data-id=\"bccd25e\" data-element_type=\"column\" data-e-type=\"column\">\n\t\t\t<div class=\"elementor-widget-wrap elementor-element-populated\">\n\t\t\t\t\t\t<div class=\"elementor-element elementor-element-7f2002c elementor-widget elementor-widget-text-editor\" data-id=\"7f2002c\" data-element_type=\"widget\" data-e-type=\"widget\" data-widget_type=\"text-editor.default\">\n\t\t\t\t<div class=\"elementor-widget-container\">\n\t\t\t\t\t\t\t\t\t<h6>L&#8217;Association des Ing\u00e9nieurs dipl\u00f4m\u00e9s de<br \/>l&#8217;Universit\u00e9 de Li\u00e8ge (Belgique)<br \/><a href=\"https:\/\/www.ailg.be\/\">https:\/\/www.ailg.be\/<\/a><\/h6>\t\t\t\t\t\t\t\t<\/div>\n\t\t\t\t<\/div>\n\t\t\t\t\t<\/div>\n\t\t<\/div>\n\t\t\t\t\t<\/div>\n\t\t<\/section>\n\t\t\t\t<section class=\"elementor-section elementor-top-section elementor-element elementor-element-87ec2c9 elementor-section-boxed elementor-section-height-default elementor-section-height-default\" data-id=\"87ec2c9\" data-element_type=\"section\" data-e-type=\"section\">\n\t\t\t\t\t\t<div class=\"elementor-container elementor-column-gap-default\">\n\t\t\t\t\t<div class=\"elementor-column elementor-col-33 elementor-top-column elementor-element elementor-element-f6add00\" data-id=\"f6add00\" data-element_type=\"column\" data-e-type=\"column\">\n\t\t\t<div class=\"elementor-widget-wrap elementor-element-populated\">\n\t\t\t\t\t\t<div class=\"elementor-element elementor-element-8481f77 elementor-widget elementor-widget-image\" data-id=\"8481f77\" data-element_type=\"widget\" data-e-type=\"widget\" data-widget_type=\"image.default\">\n\t\t\t\t<div class=\"elementor-widget-container\">\n\t\t\t\t\t\t\t\t\t\t\t\t\t\t\t<img loading=\"lazy\" decoding=\"async\" width=\"162\" height=\"103\" src=\"https:\/\/vizl.eu\/wp-content\/uploads\/2024\/10\/logo-VDI.jpg\" class=\"attachment-large size-large wp-image-2402\" alt=\"\" \/>\t\t\t\t\t\t\t\t\t\t\t\t\t\t\t<\/div>\n\t\t\t\t<\/div>\n\t\t\t\t\t<\/div>\n\t\t<\/div>\n\t\t\t\t<div class=\"elementor-column elementor-col-66 elementor-top-column elementor-element elementor-element-4007f76\" data-id=\"4007f76\" data-element_type=\"column\" data-e-type=\"column\">\n\t\t\t<div class=\"elementor-widget-wrap elementor-element-populated\">\n\t\t\t\t\t\t<div class=\"elementor-element elementor-element-0f7bb4a elementor-widget elementor-widget-text-editor\" data-id=\"0f7bb4a\" data-element_type=\"widget\" data-e-type=\"widget\" data-widget_type=\"text-editor.default\">\n\t\t\t\t<div class=\"elementor-widget-container\">\n\t\t\t\t\t\t\t\t\t<h6>Verein Deutscher Ingenieure<br \/><a href=\"https:\/\/www.vdi.de\/\">https:\/\/www.vdi.de\/<\/a><\/h6>\t\t\t\t\t\t\t\t<\/div>\n\t\t\t\t<\/div>\n\t\t\t\t\t<\/div>\n\t\t<\/div>\n\t\t\t\t\t<\/div>\n\t\t<\/section>\n\t\t\t\t<section class=\"elementor-section elementor-top-section elementor-element elementor-element-0f65048 elementor-section-boxed elementor-section-height-default elementor-section-height-default\" data-id=\"0f65048\" data-element_type=\"section\" data-e-type=\"section\">\n\t\t\t\t\t\t<div class=\"elementor-container elementor-column-gap-default\">\n\t\t\t\t\t<div class=\"elementor-column elementor-col-33 elementor-top-column elementor-element elementor-element-f653f54\" data-id=\"f653f54\" data-element_type=\"column\" data-e-type=\"column\">\n\t\t\t<div class=\"elementor-widget-wrap elementor-element-populated\">\n\t\t\t\t\t\t<div class=\"elementor-element elementor-element-67042fa elementor-widget elementor-widget-image\" data-id=\"67042fa\" data-element_type=\"widget\" data-e-type=\"widget\" data-widget_type=\"image.default\">\n\t\t\t\t<div class=\"elementor-widget-container\">\n\t\t\t\t\t\t\t\t\t\t\t\t\t\t\t<img loading=\"lazy\" decoding=\"async\" width=\"199\" height=\"71\" src=\"https:\/\/vizl.eu\/wp-content\/uploads\/2024\/10\/logo-VDE.jpg\" class=\"attachment-large size-large wp-image-2403\" alt=\"\" \/>\t\t\t\t\t\t\t\t\t\t\t\t\t\t\t<\/div>\n\t\t\t\t<\/div>\n\t\t\t\t\t<\/div>\n\t\t<\/div>\n\t\t\t\t<div class=\"elementor-column elementor-col-66 elementor-top-column elementor-element elementor-element-97ba6ff\" data-id=\"97ba6ff\" data-element_type=\"column\" data-e-type=\"column\">\n\t\t\t<div class=\"elementor-widget-wrap elementor-element-populated\">\n\t\t\t\t\t\t<div class=\"elementor-element elementor-element-dcaa429 elementor-widget elementor-widget-text-editor\" data-id=\"dcaa429\" data-element_type=\"widget\" data-e-type=\"widget\" data-widget_type=\"text-editor.default\">\n\t\t\t\t<div class=\"elementor-widget-container\">\n\t\t\t\t\t\t\t\t\t<h6>Verband der Elektrotechnik Elektronik<br \/>und Informationstechnik (Deutschland)<br \/><a href=\"https:\/\/www.vde.com\/de\">https:\/\/www.vde.com\/de<\/a><\/h6>\t\t\t\t\t\t\t\t<\/div>\n\t\t\t\t<\/div>\n\t\t\t\t\t<\/div>\n\t\t<\/div>\n\t\t\t\t\t<\/div>\n\t\t<\/section>\n\t\t\t\t<\/div>\n\t\t","protected":false},"excerpt":{"rendered":"<p>DIK \u2013 Euregio Stichting Drielanden Ingenieurs Kontakt (DIK) is een overkoepelende organisatie die verbinding legt tussen de ingenieursverenigingen in de Euregio Maas-Rijn. Door DIK kunnen er gemakkelijker contacten worden gelegd &hellip; <\/p>\n","protected":false},"author":1,"featured_media":0,"parent":0,"menu_order":0,"comment_status":"closed","ping_status":"closed","template":"","meta":{"footnotes":""},"class_list":["post-830","page","type-page","status-publish","hentry"],"_links":{"self":[{"href":"https:\/\/vizl.eu\/index.php\/wp-json\/wp\/v2\/pages\/830","targetHints":{"allow":["GET"]}}],"collection":[{"href":"https:\/\/vizl.eu\/index.php\/wp-json\/wp\/v2\/pages"}],"about":[{"href":"https:\/\/vizl.eu\/index.php\/wp-json\/wp\/v2\/types\/page"}],"author":[{"embeddable":true,"href":"https:\/\/vizl.eu\/index.php\/wp-json\/wp\/v2\/users\/1"}],"replies":[{"embeddable":true,"href":"https:\/\/vizl.eu\/index.php\/wp-json\/wp\/v2\/comments?post=830"}],"version-history":[{"count":31,"href":"https:\/\/vizl.eu\/index.php\/wp-json\/wp\/v2\/pages\/830\/revisions"}],"predecessor-version":[{"id":2415,"href":"https:\/\/vizl.eu\/index.php\/wp-json\/wp\/v2\/pages\/830\/revisions\/2415"}],"wp:attachment":[{"href":"https:\/\/vizl.eu\/index.php\/wp-json\/wp\/v2\/media?parent=830"}],"curies":[{"name":"wp","href":"https:\/\/api.w.org\/{rel}","templated":true}]}}